{"id":115,"date":"2024-10-06T18:03:34","date_gmt":"2024-10-06T18:03:34","guid":{"rendered":"https:\/\/lmtd-events.de\/store\/?post_type=product&#038;p=115"},"modified":"2024-10-06T21:44:04","modified_gmt":"2024-10-06T21:44:04","slug":"shirt-its-all-about-your-night","status":"publish","type":"product","link":"https:\/\/lmtd-events.de\/store\/?product=shirt-its-all-about-your-night","title":{"rendered":"SHIRT &#8222;IT&#8217;S ALL ABOUT YOUR NIGHT.&#8220;"},"content":{"rendered":"<p><strong>Produkt:<\/strong><br \/>\n&#8211; Hochqualitativer, mehrfach versiegelter Print<br \/>\n&#8211; 100% Baumwolle, 240 gsm (Heavy Cotton Tee)<br \/>\n&#8211; Oversize, Dropped Shoulders, Crewneck<\/p>\n<p><strong>Passform:<\/strong><br \/>\n&#8211; Das Model (w) ist 163 cm gro\u00df und tr\u00e4gt Gr\u00f6\u00dfe M.<br \/>\n&#8211; Das Model (m) ist 181 cm gro\u00df und tr\u00e4gt Gr\u00f6\u00dfe M.<\/p>\n<p><strong>Waschhinweise:<br \/>\n<\/strong>&#8211; bei 30 Grad waschen<br \/>\n&#8211; keinen Weichsp\u00fcler benutzen<br \/>\n&#8211; zum Waschen auf links drehen<\/p>\n","protected":false},"excerpt":{"rendered":"<p>Oversize Heavy Cotton T-Shirt aus 100% Baumwolle mit hochwertigem Print<\/p>\n","protected":false},"featured_media":129,"comment_status":"closed","ping_status":"closed","template":"","meta":[],"product_cat":[15],"product_tag":[37],"class_list":{"0":"post-115","1":"product","2":"type-product","3":"status-publish","4":"has-post-thumbnail","6":"product_cat-lmtd-merch","7":"product_tag-lmtd","9":"first","10":"instock","11":"taxable","12":"shipping-taxable","13":"purchasable","14":"product-type-variable","15":"has-default-attributes"},"yoast_head":"<!-- This site is optimized with the Yoast SEO plugin v23.8 - https:\/\/yoast.com\/wordpress\/plugins\/seo\/ -->\n<title>SHIRT &quot;IT&#039;S ALL ABOUT YOUR NIGHT.&quot; - LMTD. Store<\/title>\n<meta name=\"description\" content=\"Oversize Heavy Cotton T-Shirt aus 100% Baumwolle mit hochwertigem &quot;IT&#039;S ALL ABOUT YOUR NIGHT&quot; Print auf dem R\u00fccken und Logo auf der Brust.\" \/>\n<meta name=\"robots\" content=\"index, follow, max-snippet:-1, max-image-preview:large, max-video-preview:-1\" \/>\n<link rel=\"canonical\" href=\"https:\/\/lmtd-events.de\/store\/?product=shirt-its-all-about-your-night\" \/>\n<meta property=\"og:locale\" content=\"de_DE\" \/>\n<meta property=\"og:type\" content=\"article\" \/>\n<meta property=\"og:title\" content=\"SHIRT &quot;IT&#039;S ALL ABOUT YOUR NIGHT.&quot; - LMTD. Store\" \/>\n<meta property=\"og:description\" content=\"Oversize Heavy Cotton T-Shirt aus 100% Baumwolle mit hochwertigem &quot;IT&#039;S ALL ABOUT YOUR NIGHT&quot; Print auf dem R\u00fccken und Logo auf der Brust.\" \/>\n<meta property=\"og:url\" content=\"https:\/\/lmtd-events.de\/store\/?product=shirt-its-all-about-your-night\" \/>\n<meta property=\"og:site_name\" content=\"LMTD. Store\" \/>\n<meta property=\"article:publisher\" content=\"https:\/\/www.facebook.com\/lmtdevents\/\" \/>\n<meta property=\"article:modified_time\" content=\"2024-10-06T21:44:04+00:00\" \/>\n<meta property=\"og:image\" content=\"https:\/\/lmtd-events.de\/store\/wp-content\/uploads\/2024\/10\/DSC02090c-scaled-1.webp\" \/>\n\t<meta property=\"og:image:width\" content=\"2560\" \/>\n\t<meta property=\"og:image:height\" content=\"2560\" \/>\n\t<meta property=\"og:image:type\" content=\"image\/webp\" \/>\n<meta name=\"twitter:card\" content=\"summary_large_image\" \/>\n<meta name=\"twitter:label1\" content=\"Gesch\u00e4tzte Lesezeit\" \/>\n\t<meta name=\"twitter:data1\" content=\"1\u00a0Minute\" \/>\n<script type=\"application\/ld+json\" class=\"yoast-schema-graph\">{\"@context\":\"https:\/\/schema.org\",\"@graph\":[{\"@type\":\"WebPage\",\"@id\":\"https:\/\/lmtd-events.de\/store\/?product=shirt-its-all-about-your-night\",\"url\":\"https:\/\/lmtd-events.de\/store\/?product=shirt-its-all-about-your-night\",\"name\":\"SHIRT \\\"IT'S ALL ABOUT YOUR NIGHT.\\\" - LMTD. Store\",\"isPartOf\":{\"@id\":\"https:\/\/lmtd-events.de\/store\/#website\"},\"primaryImageOfPage\":{\"@id\":\"https:\/\/lmtd-events.de\/store\/?product=shirt-its-all-about-your-night#primaryimage\"},\"image\":{\"@id\":\"https:\/\/lmtd-events.de\/store\/?product=shirt-its-all-about-your-night#primaryimage\"},\"thumbnailUrl\":\"https:\/\/lmtd-events.de\/store\/wp-content\/uploads\/2024\/10\/DSC02090c-scaled-1.webp\",\"datePublished\":\"2024-10-06T18:03:34+00:00\",\"dateModified\":\"2024-10-06T21:44:04+00:00\",\"description\":\"Oversize Heavy Cotton T-Shirt aus 100% Baumwolle mit hochwertigem \\\"IT'S ALL ABOUT YOUR NIGHT\\\" Print auf dem R\u00fccken und Logo auf der Brust.\",\"breadcrumb\":{\"@id\":\"https:\/\/lmtd-events.de\/store\/?product=shirt-its-all-about-your-night#breadcrumb\"},\"inLanguage\":\"de\",\"potentialAction\":[{\"@type\":\"ReadAction\",\"target\":[\"https:\/\/lmtd-events.de\/store\/?product=shirt-its-all-about-your-night\"]}]},{\"@type\":\"ImageObject\",\"inLanguage\":\"de\",\"@id\":\"https:\/\/lmtd-events.de\/store\/?product=shirt-its-all-about-your-night#primaryimage\",\"url\":\"https:\/\/lmtd-events.de\/store\/wp-content\/uploads\/2024\/10\/DSC02090c-scaled-1.webp\",\"contentUrl\":\"https:\/\/lmtd-events.de\/store\/wp-content\/uploads\/2024\/10\/DSC02090c-scaled-1.webp\",\"width\":2560,\"height\":2560},{\"@type\":\"BreadcrumbList\",\"@id\":\"https:\/\/lmtd-events.de\/store\/?product=shirt-its-all-about-your-night#breadcrumb\",\"itemListElement\":[{\"@type\":\"ListItem\",\"position\":1,\"name\":\"Startseite\",\"item\":\"https:\/\/lmtd-events.de\/store\/\"},{\"@type\":\"ListItem\",\"position\":2,\"name\":\"Shop\",\"item\":\"https:\/\/lmtd-events.de\/store\/\"},{\"@type\":\"ListItem\",\"position\":3,\"name\":\"SHIRT &#8220;IT&#8217;S ALL ABOUT YOUR NIGHT.&#8221;\"}]},{\"@type\":\"WebSite\",\"@id\":\"https:\/\/lmtd-events.de\/store\/#website\",\"url\":\"https:\/\/lmtd-events.de\/store\/\",\"name\":\"LMTD. Store\",\"description\":\"Merchandise der LMTD-EVENTS Crew\",\"publisher\":{\"@id\":\"https:\/\/lmtd-events.de\/store\/#organization\"},\"potentialAction\":[{\"@type\":\"SearchAction\",\"target\":{\"@type\":\"EntryPoint\",\"urlTemplate\":\"https:\/\/lmtd-events.de\/store\/?s={search_term_string}\"},\"query-input\":{\"@type\":\"PropertyValueSpecification\",\"valueRequired\":true,\"valueName\":\"search_term_string\"}}],\"inLanguage\":\"de\"},{\"@type\":\"Organization\",\"@id\":\"https:\/\/lmtd-events.de\/store\/#organization\",\"name\":\"LMTD. Store\",\"url\":\"https:\/\/lmtd-events.de\/store\/\",\"logo\":{\"@type\":\"ImageObject\",\"inLanguage\":\"de\",\"@id\":\"https:\/\/lmtd-events.de\/store\/#\/schema\/logo\/image\/\",\"url\":\"https:\/\/lmtd-events.de\/store\/wp-content\/uploads\/2024\/10\/logo.png\",\"contentUrl\":\"https:\/\/lmtd-events.de\/store\/wp-content\/uploads\/2024\/10\/logo.png\",\"width\":1000,\"height\":189,\"caption\":\"LMTD. Store\"},\"image\":{\"@id\":\"https:\/\/lmtd-events.de\/store\/#\/schema\/logo\/image\/\"},\"sameAs\":[\"https:\/\/www.facebook.com\/lmtdevents\/\",\"https:\/\/instagram.com\/lmtdevents\"]}]}<\/script>\n<!-- \/ Yoast SEO plugin. -->","yoast_head_json":{"title":"SHIRT \"IT'S ALL ABOUT YOUR NIGHT.\" - LMTD. Store","description":"Oversize Heavy Cotton T-Shirt aus 100% Baumwolle mit hochwertigem \"IT'S ALL ABOUT YOUR NIGHT\" Print auf dem R\u00fccken und Logo auf der Brust.","robots":{"index":"index","follow":"follow","max-snippet":"max-snippet:-1","max-image-preview":"max-image-preview:large","max-video-preview":"max-video-preview:-1"},"canonical":"https:\/\/lmtd-events.de\/store\/?product=shirt-its-all-about-your-night","og_locale":"de_DE","og_type":"article","og_title":"SHIRT \"IT'S ALL ABOUT YOUR NIGHT.\" - LMTD. Store","og_description":"Oversize Heavy Cotton T-Shirt aus 100% Baumwolle mit hochwertigem \"IT'S ALL ABOUT YOUR NIGHT\" Print auf dem R\u00fccken und Logo auf der Brust.","og_url":"https:\/\/lmtd-events.de\/store\/?product=shirt-its-all-about-your-night","og_site_name":"LMTD. Store","article_publisher":"https:\/\/www.facebook.com\/lmtdevents\/","article_modified_time":"2024-10-06T21:44:04+00:00","og_image":[{"width":2560,"height":2560,"url":"https:\/\/lmtd-events.de\/store\/wp-content\/uploads\/2024\/10\/DSC02090c-scaled-1.webp","type":"image\/webp"}],"twitter_card":"summary_large_image","twitter_misc":{"Gesch\u00e4tzte Lesezeit":"1\u00a0Minute"},"schema":{"@context":"https:\/\/schema.org","@graph":[{"@type":"WebPage","@id":"https:\/\/lmtd-events.de\/store\/?product=shirt-its-all-about-your-night","url":"https:\/\/lmtd-events.de\/store\/?product=shirt-its-all-about-your-night","name":"SHIRT \"IT'S ALL ABOUT YOUR NIGHT.\" - LMTD. Store","isPartOf":{"@id":"https:\/\/lmtd-events.de\/store\/#website"},"primaryImageOfPage":{"@id":"https:\/\/lmtd-events.de\/store\/?product=shirt-its-all-about-your-night#primaryimage"},"image":{"@id":"https:\/\/lmtd-events.de\/store\/?product=shirt-its-all-about-your-night#primaryimage"},"thumbnailUrl":"https:\/\/lmtd-events.de\/store\/wp-content\/uploads\/2024\/10\/DSC02090c-scaled-1.webp","datePublished":"2024-10-06T18:03:34+00:00","dateModified":"2024-10-06T21:44:04+00:00","description":"Oversize Heavy Cotton T-Shirt aus 100% Baumwolle mit hochwertigem \"IT'S ALL ABOUT YOUR NIGHT\" Print auf dem R\u00fccken und Logo auf der Brust.","breadcrumb":{"@id":"https:\/\/lmtd-events.de\/store\/?product=shirt-its-all-about-your-night#breadcrumb"},"inLanguage":"de","potentialAction":[{"@type":"ReadAction","target":["https:\/\/lmtd-events.de\/store\/?product=shirt-its-all-about-your-night"]}]},{"@type":"ImageObject","inLanguage":"de","@id":"https:\/\/lmtd-events.de\/store\/?product=shirt-its-all-about-your-night#primaryimage","url":"https:\/\/lmtd-events.de\/store\/wp-content\/uploads\/2024\/10\/DSC02090c-scaled-1.webp","contentUrl":"https:\/\/lmtd-events.de\/store\/wp-content\/uploads\/2024\/10\/DSC02090c-scaled-1.webp","width":2560,"height":2560},{"@type":"BreadcrumbList","@id":"https:\/\/lmtd-events.de\/store\/?product=shirt-its-all-about-your-night#breadcrumb","itemListElement":[{"@type":"ListItem","position":1,"name":"Startseite","item":"https:\/\/lmtd-events.de\/store\/"},{"@type":"ListItem","position":2,"name":"Shop","item":"https:\/\/lmtd-events.de\/store\/"},{"@type":"ListItem","position":3,"name":"SHIRT &#8220;IT&#8217;S ALL ABOUT YOUR NIGHT.&#8221;"}]},{"@type":"WebSite","@id":"https:\/\/lmtd-events.de\/store\/#website","url":"https:\/\/lmtd-events.de\/store\/","name":"LMTD. Store","description":"Merchandise der LMTD-EVENTS Crew","publisher":{"@id":"https:\/\/lmtd-events.de\/store\/#organization"},"potentialAction":[{"@type":"SearchAction","target":{"@type":"EntryPoint","urlTemplate":"https:\/\/lmtd-events.de\/store\/?s={search_term_string}"},"query-input":{"@type":"PropertyValueSpecification","valueRequired":true,"valueName":"search_term_string"}}],"inLanguage":"de"},{"@type":"Organization","@id":"https:\/\/lmtd-events.de\/store\/#organization","name":"LMTD. Store","url":"https:\/\/lmtd-events.de\/store\/","logo":{"@type":"ImageObject","inLanguage":"de","@id":"https:\/\/lmtd-events.de\/store\/#\/schema\/logo\/image\/","url":"https:\/\/lmtd-events.de\/store\/wp-content\/uploads\/2024\/10\/logo.png","contentUrl":"https:\/\/lmtd-events.de\/store\/wp-content\/uploads\/2024\/10\/logo.png","width":1000,"height":189,"caption":"LMTD. Store"},"image":{"@id":"https:\/\/lmtd-events.de\/store\/#\/schema\/logo\/image\/"},"sameAs":["https:\/\/www.facebook.com\/lmtdevents\/","https:\/\/instagram.com\/lmtdevents"]}]}},"jetpack_sharing_enabled":true,"_links":{"self":[{"href":"https:\/\/lmtd-events.de\/store\/index.php?rest_route=\/wp\/v2\/product\/115","targetHints":{"allow":["GET"]}}],"collection":[{"href":"https:\/\/lmtd-events.de\/store\/index.php?rest_route=\/wp\/v2\/product"}],"about":[{"href":"https:\/\/lmtd-events.de\/store\/index.php?rest_route=\/wp\/v2\/types\/product"}],"replies":[{"embeddable":true,"href":"https:\/\/lmtd-events.de\/store\/index.php?rest_route=%2Fwp%2Fv2%2Fcomments&post=115"}],"wp:featuredmedia":[{"embeddable":true,"href":"https:\/\/lmtd-events.de\/store\/index.php?rest_route=\/wp\/v2\/media\/129"}],"wp:attachment":[{"href":"https:\/\/lmtd-events.de\/store\/index.php?rest_route=%2Fwp%2Fv2%2Fmedia&parent=115"}],"wp:term":[{"taxonomy":"product_cat","embeddable":true,"href":"https:\/\/lmtd-events.de\/store\/index.php?rest_route=%2Fwp%2Fv2%2Fproduct_cat&post=115"},{"taxonomy":"product_tag","embeddable":true,"href":"https:\/\/lmtd-events.de\/store\/index.php?rest_route=%2Fwp%2Fv2%2Fproduct_tag&post=115"}],"curies":[{"name":"wp","href":"https:\/\/api.w.org\/{rel}","templated":true}]}}