{"id":82,"date":"2024-10-06T16:05:58","date_gmt":"2024-10-06T16:05:58","guid":{"rendered":"https:\/\/lmtd-events.de\/store\/index.php\/agb\/"},"modified":"2024-10-06T20:58:30","modified_gmt":"2024-10-06T20:58:30","slug":"agb","status":"publish","type":"page","link":"https:\/\/lmtd-events.de\/store\/?page_id=82","title":{"rendered":"AGB"},"content":{"rendered":"<p><strong>Allgemeine Gesch\u00e4ftsbedingungen (AGB)<\/strong><\/p><p><strong>\u00a71 Geltungsbereich<\/strong><\/p><ol class=\"wp-block-list\"><li>Diese Allgemeinen Gesch\u00e4ftsbedingungen (AGB) gelten f\u00fcr alle Bestellungen, die Verbraucher (\u00a7 13 BGB) \u00fcber den Onlineshop <strong>LMTD. Shop<\/strong> (nachfolgend \u201eAnbieter\u201c genannt) t\u00e4tigen.<\/li>\n\n<li>Abweichende Bedingungen des Kunden werden nicht anerkannt, es sei denn, der Anbieter stimmt ihrer Geltung ausdr\u00fccklich schriftlich zu.<\/li><\/ol><p><strong>\u00a72 Vertragspartner<\/strong><\/p><p>Der Kaufvertrag kommt zustande mit:<\/p><p><strong>LMTD UG (haftungsbeschr\u00e4nkt)<\/strong><br>Multscherstr. 18<br>89077 Ulm<br>E-Mail: <a>hello@lmtd-events.de<\/a><\/p><p><strong>\u00a73 Angebot und Vertragsschluss<\/strong><\/p><ol class=\"wp-block-list\"><li>Die Darstellung der Produkte im Onlineshop stellt kein rechtlich bindendes Angebot, sondern eine Aufforderung zur Bestellung dar.<\/li>\n\n<li>Durch Anklicken des Buttons \u201eBestellung abschicken\u201c geben Sie eine verbindliche Bestellung der im Warenkorb enthaltenen Waren ab. Der Kaufvertrag kommt zustande, wenn der Anbieter Ihre Bestellung durch eine Auftragsbest\u00e4tigung per E-Mail unmittelbar nach dem Erhalt der Bestellung annimmt.<\/li><\/ol><p><strong>\u00a74 Preise und Zahlung<\/strong><\/p><ol class=\"wp-block-list\"><li><strong>Preise<\/strong><ul class=\"wp-block-list\"><li>Alle Preise sind Endpreise und enthalten die gesetzliche Mehrwertsteuer.<\/li><\/ul><\/li>\n\n<li><strong>Zahlungsmethoden<\/strong><ul class=\"wp-block-list\"><li>Die Zahlung erfolgt wahlweise per:<ul class=\"wp-block-list\"><li>Vorkasse<\/li>\n\n<li>PayPal<\/li>\n\n<li>Kreditkarte<\/li>\n\n<li>Sofort\u00fcberweisung<\/li>\n\n<li><strong>Klarna<\/strong><\/li>\n\n<li><strong>Bank\u00fcberweisung<\/strong><\/li><\/ul><\/li><\/ul><\/li>\n\n<li><strong>Zahlungsdienstleister<\/strong><ul class=\"wp-block-list\"><li>Als Zahlungsdienstleister wird <strong>Mollie<\/strong> verwendet. Mollie verarbeitet die Zahlungen in unserem Auftrag und gem\u00e4\u00df den Datenschutzbestimmungen. Weitere Informationen finden Sie in unserer <a href=\"#\">Datenschutzerkl\u00e4rung<\/a>.<\/li><\/ul><\/li>\n\n<li><strong>F\u00e4lligkeit<\/strong><ul class=\"wp-block-list\"><li>Der Kaufpreis wird mit Vertragsschluss f\u00e4llig.<\/li><\/ul><\/li><\/ol><p><strong>\u00a75 Lieferung<\/strong><\/p><ol class=\"wp-block-list\"><li><strong>Lieferumfang und Versandart<\/strong><ul class=\"wp-block-list\"><li>Die Lieferung erfolgt innerhalb Deutschlands <strong>mit DHL<\/strong>.<\/li><\/ul><\/li>\n\n<li><strong>Lieferzeit<\/strong><ul class=\"wp-block-list\"><li>Die Lieferzeit betr\u00e4gt, sofern nicht beim Angebot anders angegeben, 3-5 Werktage.<\/li><\/ul><\/li>\n\n<li><strong>Verf\u00fcgbarkeit<\/strong><ul class=\"wp-block-list\"><li>Sollte ein bestelltes Produkt nicht verf\u00fcgbar sein, informiert der Anbieter den Kunden unverz\u00fcglich und erstattet bereits geleistete Zahlungen.<\/li><\/ul><\/li><\/ol><p><strong>\u00a76 Eigentumsvorbehalt<\/strong><\/p><p>Bis zur vollst\u00e4ndigen Bezahlung bleibt die Ware Eigentum des Anbieters.<\/p><p><strong>\u00a77 Widerrufsrecht<\/strong><\/p><p>Es gilt die gesetzliche Widerrufsbelehrung, die in der separaten Widerrufsbelehrung enthalten ist.<\/p><p><strong>\u00a78 Gew\u00e4hrleistung<\/strong><\/p><p>Es gelten die gesetzlichen Gew\u00e4hrleistungsrechte.<\/p><p><strong>\u00a79 Haftung<\/strong><\/p><ol class=\"wp-block-list\"><li>Der Anbieter haftet unbeschr\u00e4nkt f\u00fcr Sch\u00e4den aus der Verletzung des Lebens, des K\u00f6rpers oder der Gesundheit, die auf einer vors\u00e4tzlichen oder fahrl\u00e4ssigen Pflichtverletzung des Anbieters oder eines gesetzlichen Vertreters oder Erf\u00fcllungsgehilfen des Anbieters beruhen.<\/li>\n\n<li>F\u00fcr sonstige Sch\u00e4den haftet der Anbieter nur bei Vorsatz oder grober Fahrl\u00e4ssigkeit.<\/li>\n\n<li>Bei leichter Fahrl\u00e4ssigkeit haftet der Anbieter nur bei Verletzung einer wesentlichen Vertragspflicht (Kardinalpflicht).<\/li><\/ol><p><strong>\u00a710 Datenschutz<\/strong><\/p><ol class=\"wp-block-list\"><li>Der Anbieter erhebt und verarbeitet personenbezogene Daten des Kunden nur im Rahmen der gesetzlichen Bestimmungen.<\/li>\n\n<li>Weitere Informationen zum Datenschutz finden Sie in der separaten <a href=\"#\">Datenschutzerkl\u00e4rung<\/a>.<\/li><\/ol><p><strong>\u00a711 Nutzung von Drittanbieterdiensten<\/strong><\/p><ol class=\"wp-block-list\"><li>Der Onlineshop verwendet folgende Dienste von Drittanbietern:<ul class=\"wp-block-list\"><li><strong>WooCommerce<\/strong> (f\u00fcr die Shop-Funktionalit\u00e4t)<\/li>\n\n<li><strong>WordPress<\/strong> (als Content-Management-System)<\/li>\n\n<li><strong>Jetpack<\/strong> (f\u00fcr Sicherheits- und Leistungsfunktionen)<\/li>\n\n<li><strong>Facebook, TikTok und Google<\/strong> (f\u00fcr Marketing- und Analysezwecke)<\/li><\/ul><\/li>\n\n<li>Diese Dienste k\u00f6nnen Cookies und \u00e4hnliche Technologien verwenden. Weitere Informationen finden Sie in der Datenschutzerkl\u00e4rung.<\/li><\/ol><p><strong>\u00a712 Schlussbestimmungen<\/strong><\/p><ol class=\"wp-block-list\"><li>Es gilt das Recht der Bundesrepublik Deutschland unter Ausschluss des UN-Kaufrechts.<\/li>\n\n<li>Sofern der Kunde Kaufmann ist, ist ausschlie\u00dflicher Gerichtsstand Ulm.<\/li>\n\n<li>Sollten einzelne Bestimmungen dieser AGB unwirksam sein oder werden, bleibt die Wirksamkeit der \u00fcbrigen Bestimmungen unber\u00fchrt.<\/li><\/ol>","protected":false},"excerpt":{"rendered":"<p>Allgemeine Gesch\u00e4ftsbedingungen (AGB) \u00a71 Geltungsbereich \u00a72 Vertragspartner Der Kaufvertrag kommt zustande mit: LMTD UG (haftungsbeschr\u00e4nkt)Multscherstr. 1889077 UlmE-Mail: hello@lmtd-events.de \u00a73 Angebot und Vertragsschluss \u00a74 Preise und Zahlung \u00a75 Lieferung \u00a76 Eigentumsvorbehalt Bis zur vollst\u00e4ndigen Bezahlung bleibt die Ware Eigentum des Anbieters. \u00a77 Widerrufsrecht Es gilt die gesetzliche Widerrufsbelehrung, die in der separaten Widerrufsbelehrung enthalten ist. \u00a78 [&hellip;]<\/p>\n","protected":false},"author":1,"featured_media":0,"parent":0,"menu_order":0,"comment_status":"closed","ping_status":"closed","template":"","meta":{"footnotes":""},"class_list":["post-82","page","type-page","status-publish","hentry"],"yoast_head":"<!-- This site is optimized with the Yoast SEO plugin v23.8 - https:\/\/yoast.com\/wordpress\/plugins\/seo\/ -->\n<title>AGB - LMTD. Store<\/title>\n<meta name=\"robots\" content=\"index, follow, max-snippet:-1, max-image-preview:large, max-video-preview:-1\" \/>\n<link rel=\"canonical\" href=\"https:\/\/lmtd-events.de\/store\/?page_id=82\" \/>\n<meta property=\"og:locale\" content=\"de_DE\" \/>\n<meta property=\"og:type\" content=\"article\" \/>\n<meta property=\"og:title\" content=\"AGB - LMTD. Store\" \/>\n<meta property=\"og:description\" content=\"Allgemeine Gesch\u00e4ftsbedingungen (AGB) \u00a71 Geltungsbereich \u00a72 Vertragspartner Der Kaufvertrag kommt zustande mit: LMTD UG (haftungsbeschr\u00e4nkt)Multscherstr. 1889077 UlmE-Mail: hello@lmtd-events.de \u00a73 Angebot und Vertragsschluss \u00a74 Preise und Zahlung \u00a75 Lieferung \u00a76 Eigentumsvorbehalt Bis zur vollst\u00e4ndigen Bezahlung bleibt die Ware Eigentum des Anbieters. \u00a77 Widerrufsrecht Es gilt die gesetzliche Widerrufsbelehrung, die in der separaten Widerrufsbelehrung enthalten ist. \u00a78 [&hellip;]\" \/>\n<meta property=\"og:url\" content=\"https:\/\/lmtd-events.de\/store\/?page_id=82\" \/>\n<meta property=\"og:site_name\" content=\"LMTD. Store\" \/>\n<meta property=\"article:publisher\" content=\"https:\/\/www.facebook.com\/lmtdevents\/\" \/>\n<meta property=\"article:modified_time\" content=\"2024-10-06T20:58:30+00:00\" \/>\n<meta name=\"twitter:card\" content=\"summary_large_image\" \/>\n<meta name=\"twitter:label1\" content=\"Gesch\u00e4tzte Lesezeit\" \/>\n\t<meta name=\"twitter:data1\" content=\"3\u00a0Minuten\" \/>\n<script type=\"application\/ld+json\" class=\"yoast-schema-graph\">{\"@context\":\"https:\/\/schema.org\",\"@graph\":[{\"@type\":\"WebPage\",\"@id\":\"https:\/\/lmtd-events.de\/store\/?page_id=82\",\"url\":\"https:\/\/lmtd-events.de\/store\/?page_id=82\",\"name\":\"AGB - LMTD. Store\",\"isPartOf\":{\"@id\":\"https:\/\/lmtd-events.de\/store\/#website\"},\"datePublished\":\"2024-10-06T16:05:58+00:00\",\"dateModified\":\"2024-10-06T20:58:30+00:00\",\"breadcrumb\":{\"@id\":\"https:\/\/lmtd-events.de\/store\/?page_id=82#breadcrumb\"},\"inLanguage\":\"de\",\"potentialAction\":[{\"@type\":\"ReadAction\",\"target\":[\"https:\/\/lmtd-events.de\/store\/?page_id=82\"]}]},{\"@type\":\"BreadcrumbList\",\"@id\":\"https:\/\/lmtd-events.de\/store\/?page_id=82#breadcrumb\",\"itemListElement\":[{\"@type\":\"ListItem\",\"position\":1,\"name\":\"Startseite\",\"item\":\"https:\/\/lmtd-events.de\/store\/\"},{\"@type\":\"ListItem\",\"position\":2,\"name\":\"AGB\"}]},{\"@type\":\"WebSite\",\"@id\":\"https:\/\/lmtd-events.de\/store\/#website\",\"url\":\"https:\/\/lmtd-events.de\/store\/\",\"name\":\"LMTD. Store\",\"description\":\"Merchandise der LMTD-EVENTS Crew\",\"publisher\":{\"@id\":\"https:\/\/lmtd-events.de\/store\/#organization\"},\"potentialAction\":[{\"@type\":\"SearchAction\",\"target\":{\"@type\":\"EntryPoint\",\"urlTemplate\":\"https:\/\/lmtd-events.de\/store\/?s={search_term_string}\"},\"query-input\":{\"@type\":\"PropertyValueSpecification\",\"valueRequired\":true,\"valueName\":\"search_term_string\"}}],\"inLanguage\":\"de\"},{\"@type\":\"Organization\",\"@id\":\"https:\/\/lmtd-events.de\/store\/#organization\",\"name\":\"LMTD. Store\",\"url\":\"https:\/\/lmtd-events.de\/store\/\",\"logo\":{\"@type\":\"ImageObject\",\"inLanguage\":\"de\",\"@id\":\"https:\/\/lmtd-events.de\/store\/#\/schema\/logo\/image\/\",\"url\":\"https:\/\/lmtd-events.de\/store\/wp-content\/uploads\/2024\/10\/logo.png\",\"contentUrl\":\"https:\/\/lmtd-events.de\/store\/wp-content\/uploads\/2024\/10\/logo.png\",\"width\":1000,\"height\":189,\"caption\":\"LMTD. Store\"},\"image\":{\"@id\":\"https:\/\/lmtd-events.de\/store\/#\/schema\/logo\/image\/\"},\"sameAs\":[\"https:\/\/www.facebook.com\/lmtdevents\/\",\"https:\/\/instagram.com\/lmtdevents\"]}]}<\/script>\n<!-- \/ Yoast SEO plugin. -->","yoast_head_json":{"title":"AGB - LMTD. Store","robots":{"index":"index","follow":"follow","max-snippet":"max-snippet:-1","max-image-preview":"max-image-preview:large","max-video-preview":"max-video-preview:-1"},"canonical":"https:\/\/lmtd-events.de\/store\/?page_id=82","og_locale":"de_DE","og_type":"article","og_title":"AGB - LMTD. Store","og_description":"Allgemeine Gesch\u00e4ftsbedingungen (AGB) \u00a71 Geltungsbereich \u00a72 Vertragspartner Der Kaufvertrag kommt zustande mit: LMTD UG (haftungsbeschr\u00e4nkt)Multscherstr. 1889077 UlmE-Mail: hello@lmtd-events.de \u00a73 Angebot und Vertragsschluss \u00a74 Preise und Zahlung \u00a75 Lieferung \u00a76 Eigentumsvorbehalt Bis zur vollst\u00e4ndigen Bezahlung bleibt die Ware Eigentum des Anbieters. \u00a77 Widerrufsrecht Es gilt die gesetzliche Widerrufsbelehrung, die in der separaten Widerrufsbelehrung enthalten ist. \u00a78 [&hellip;]","og_url":"https:\/\/lmtd-events.de\/store\/?page_id=82","og_site_name":"LMTD. Store","article_publisher":"https:\/\/www.facebook.com\/lmtdevents\/","article_modified_time":"2024-10-06T20:58:30+00:00","twitter_card":"summary_large_image","twitter_misc":{"Gesch\u00e4tzte Lesezeit":"3\u00a0Minuten"},"schema":{"@context":"https:\/\/schema.org","@graph":[{"@type":"WebPage","@id":"https:\/\/lmtd-events.de\/store\/?page_id=82","url":"https:\/\/lmtd-events.de\/store\/?page_id=82","name":"AGB - LMTD. Store","isPartOf":{"@id":"https:\/\/lmtd-events.de\/store\/#website"},"datePublished":"2024-10-06T16:05:58+00:00","dateModified":"2024-10-06T20:58:30+00:00","breadcrumb":{"@id":"https:\/\/lmtd-events.de\/store\/?page_id=82#breadcrumb"},"inLanguage":"de","potentialAction":[{"@type":"ReadAction","target":["https:\/\/lmtd-events.de\/store\/?page_id=82"]}]},{"@type":"BreadcrumbList","@id":"https:\/\/lmtd-events.de\/store\/?page_id=82#breadcrumb","itemListElement":[{"@type":"ListItem","position":1,"name":"Startseite","item":"https:\/\/lmtd-events.de\/store\/"},{"@type":"ListItem","position":2,"name":"AGB"}]},{"@type":"WebSite","@id":"https:\/\/lmtd-events.de\/store\/#website","url":"https:\/\/lmtd-events.de\/store\/","name":"LMTD. Store","description":"Merchandise der LMTD-EVENTS Crew","publisher":{"@id":"https:\/\/lmtd-events.de\/store\/#organization"},"potentialAction":[{"@type":"SearchAction","target":{"@type":"EntryPoint","urlTemplate":"https:\/\/lmtd-events.de\/store\/?s={search_term_string}"},"query-input":{"@type":"PropertyValueSpecification","valueRequired":true,"valueName":"search_term_string"}}],"inLanguage":"de"},{"@type":"Organization","@id":"https:\/\/lmtd-events.de\/store\/#organization","name":"LMTD. Store","url":"https:\/\/lmtd-events.de\/store\/","logo":{"@type":"ImageObject","inLanguage":"de","@id":"https:\/\/lmtd-events.de\/store\/#\/schema\/logo\/image\/","url":"https:\/\/lmtd-events.de\/store\/wp-content\/uploads\/2024\/10\/logo.png","contentUrl":"https:\/\/lmtd-events.de\/store\/wp-content\/uploads\/2024\/10\/logo.png","width":1000,"height":189,"caption":"LMTD. Store"},"image":{"@id":"https:\/\/lmtd-events.de\/store\/#\/schema\/logo\/image\/"},"sameAs":["https:\/\/www.facebook.com\/lmtdevents\/","https:\/\/instagram.com\/lmtdevents"]}]}},"jetpack_sharing_enabled":true,"_links":{"self":[{"href":"https:\/\/lmtd-events.de\/store\/index.php?rest_route=\/wp\/v2\/pages\/82","targetHints":{"allow":["GET"]}}],"collection":[{"href":"https:\/\/lmtd-events.de\/store\/index.php?rest_route=\/wp\/v2\/pages"}],"about":[{"href":"https:\/\/lmtd-events.de\/store\/index.php?rest_route=\/wp\/v2\/types\/page"}],"author":[{"embeddable":true,"href":"https:\/\/lmtd-events.de\/store\/index.php?rest_route=\/wp\/v2\/users\/1"}],"replies":[{"embeddable":true,"href":"https:\/\/lmtd-events.de\/store\/index.php?rest_route=%2Fwp%2Fv2%2Fcomments&post=82"}],"version-history":[{"count":1,"href":"https:\/\/lmtd-events.de\/store\/index.php?rest_route=\/wp\/v2\/pages\/82\/revisions"}],"predecessor-version":[{"id":198,"href":"https:\/\/lmtd-events.de\/store\/index.php?rest_route=\/wp\/v2\/pages\/82\/revisions\/198"}],"wp:attachment":[{"href":"https:\/\/lmtd-events.de\/store\/index.php?rest_route=%2Fwp%2Fv2%2Fmedia&parent=82"}],"curies":[{"name":"wp","href":"https:\/\/api.w.org\/{rel}","templated":true}]}}