{"id":80,"date":"2024-10-06T16:05:57","date_gmt":"2024-10-06T16:05:57","guid":{"rendered":"https:\/\/lmtd-events.de\/store\/index.php\/impressum\/"},"modified":"2024-10-08T02:24:55","modified_gmt":"2024-10-08T02:24:55","slug":"impressum","status":"publish","type":"page","link":"https:\/\/lmtd-events.de\/store\/?page_id=80","title":{"rendered":"Impressum"},"content":{"rendered":"<h3>Gesetzliche Anbieterkennung:<\/h3>\n<p><b>LMTD UG (haftungsbeschr\u00e4nkt)<\/b><br \/>\nMultscherstr. 18<br \/>\n89077 Ulm<br \/>\nDeutschland<\/p>\n<p>Vertretungsberechtigter Gesch\u00e4ftsf\u00fchrer: Lukas Michael H\u00fcbner<br \/>\nRegistergericht: Amtsgericht Ulm<br \/>\nRegisternummer: HRB 746397<br \/>\nSitz der Gesellschaft: Ulm<\/p>\n<p>USt-IdNr.: DE361728465<br \/>\nSteuernummer: 88003\/22169<br \/>\nE-Mail: info@lmtd-events.de<br \/>\nTelefon: +49 731-37494709<\/p>\n<p>Der Nutzung von im Rahmen der Impressumspflicht ver\u00f6ffentlichten Kontaktdaten durch Dritte zur \u00dcbersendung von nicht ausdr\u00fccklich angeforderter Werbung und Informationsmaterialien wird hiermit ausdr\u00fccklich widersprochen. Wir behalten uns ausdr\u00fccklich rechtliche Schritte im Falle der unverlangten Zusendung von Werbeinformationen, etwa durch Spam-Mails, vor.<\/p>\n<div class=\"woocommerce woocommerce-gzd woocommerce-gzd-complaints-shortcode\">\n\t\t\t<h3>Alternative Streitbeilegung gem\u00e4\u00df Art. 14 Abs. 1 ODR-VO und \u00a7 36 VSBG:<\/h3>\n\t\n<p>Die Europ\u00e4ische Kommission stellt eine Plattform zur Online-Streitbeilegung (OS) bereit, die du unter <a href=\"https:\/\/ec.europa.eu\/consumers\/odr\" target=\"_blank\">https:\/\/ec.europa.eu\/consumers\/odr<\/a> findest. Zur Teilnahme an einem Streitbeilegungsverfahren vor einer Verbraucherschlichtungsstelle sind wir nicht verpflichtet und nicht bereit.<\/p>\n<\/div>\n","protected":false},"excerpt":{"rendered":"<p>Gesetzliche Anbieterkennung: LMTD UG (haftungsbeschr\u00e4nkt) Multscherstr. 18 89077 Ulm Deutschland Vertretungsberechtigter Gesch\u00e4ftsf\u00fchrer: Lukas Michael H\u00fcbner Registergericht: Amtsgericht Ulm Registernummer: HRB 746397 Sitz der Gesellschaft: Ulm USt-IdNr.: DE361728465 Steuernummer: 88003\/22169 E-Mail: info@lmtd-events.de Telefon: +49 731-37494709 Der Nutzung von im Rahmen der Impressumspflicht ver\u00f6ffentlichten Kontaktdaten durch Dritte zur \u00dcbersendung von nicht ausdr\u00fccklich angeforderter Werbung und Informationsmaterialien wird [&hellip;]<\/p>\n","protected":false},"author":1,"featured_media":0,"parent":0,"menu_order":0,"comment_status":"closed","ping_status":"closed","template":"","meta":{"footnotes":""},"class_list":["post-80","page","type-page","status-publish","hentry"],"yoast_head":"<!-- This site is optimized with the Yoast SEO plugin v23.8 - https:\/\/yoast.com\/wordpress\/plugins\/seo\/ -->\n<title>Impressum - LMTD. Store<\/title>\n<meta name=\"robots\" content=\"index, follow, max-snippet:-1, max-image-preview:large, max-video-preview:-1\" \/>\n<link rel=\"canonical\" href=\"https:\/\/lmtd-events.de\/store\/?page_id=80\" \/>\n<meta property=\"og:locale\" content=\"de_DE\" \/>\n<meta property=\"og:type\" content=\"article\" \/>\n<meta property=\"og:title\" content=\"Impressum - LMTD. Store\" \/>\n<meta property=\"og:description\" content=\"Gesetzliche Anbieterkennung: LMTD UG (haftungsbeschr\u00e4nkt) Multscherstr. 18 89077 Ulm Deutschland Vertretungsberechtigter Gesch\u00e4ftsf\u00fchrer: Lukas Michael H\u00fcbner Registergericht: Amtsgericht Ulm Registernummer: HRB 746397 Sitz der Gesellschaft: Ulm USt-IdNr.: DE361728465 Steuernummer: 88003\/22169 E-Mail: info@lmtd-events.de Telefon: +49 731-37494709 Der Nutzung von im Rahmen der Impressumspflicht ver\u00f6ffentlichten Kontaktdaten durch Dritte zur \u00dcbersendung von nicht ausdr\u00fccklich angeforderter Werbung und Informationsmaterialien wird [&hellip;]\" \/>\n<meta property=\"og:url\" content=\"https:\/\/lmtd-events.de\/store\/?page_id=80\" \/>\n<meta property=\"og:site_name\" content=\"LMTD. Store\" \/>\n<meta property=\"article:publisher\" content=\"https:\/\/www.facebook.com\/lmtdevents\/\" \/>\n<meta property=\"article:modified_time\" content=\"2024-10-08T02:24:55+00:00\" \/>\n<meta name=\"twitter:card\" content=\"summary_large_image\" \/>\n<meta name=\"twitter:label1\" content=\"Gesch\u00e4tzte Lesezeit\" \/>\n\t<meta name=\"twitter:data1\" content=\"1\u00a0Minute\" \/>\n<script type=\"application\/ld+json\" class=\"yoast-schema-graph\">{\"@context\":\"https:\/\/schema.org\",\"@graph\":[{\"@type\":\"WebPage\",\"@id\":\"https:\/\/lmtd-events.de\/store\/?page_id=80\",\"url\":\"https:\/\/lmtd-events.de\/store\/?page_id=80\",\"name\":\"Impressum - LMTD. Store\",\"isPartOf\":{\"@id\":\"https:\/\/lmtd-events.de\/store\/#website\"},\"datePublished\":\"2024-10-06T16:05:57+00:00\",\"dateModified\":\"2024-10-08T02:24:55+00:00\",\"breadcrumb\":{\"@id\":\"https:\/\/lmtd-events.de\/store\/?page_id=80#breadcrumb\"},\"inLanguage\":\"de\",\"potentialAction\":[{\"@type\":\"ReadAction\",\"target\":[\"https:\/\/lmtd-events.de\/store\/?page_id=80\"]}]},{\"@type\":\"BreadcrumbList\",\"@id\":\"https:\/\/lmtd-events.de\/store\/?page_id=80#breadcrumb\",\"itemListElement\":[{\"@type\":\"ListItem\",\"position\":1,\"name\":\"Startseite\",\"item\":\"https:\/\/lmtd-events.de\/store\/\"},{\"@type\":\"ListItem\",\"position\":2,\"name\":\"Impressum\"}]},{\"@type\":\"WebSite\",\"@id\":\"https:\/\/lmtd-events.de\/store\/#website\",\"url\":\"https:\/\/lmtd-events.de\/store\/\",\"name\":\"LMTD. Store\",\"description\":\"Merchandise der LMTD-EVENTS Crew\",\"publisher\":{\"@id\":\"https:\/\/lmtd-events.de\/store\/#organization\"},\"potentialAction\":[{\"@type\":\"SearchAction\",\"target\":{\"@type\":\"EntryPoint\",\"urlTemplate\":\"https:\/\/lmtd-events.de\/store\/?s={search_term_string}\"},\"query-input\":{\"@type\":\"PropertyValueSpecification\",\"valueRequired\":true,\"valueName\":\"search_term_string\"}}],\"inLanguage\":\"de\"},{\"@type\":\"Organization\",\"@id\":\"https:\/\/lmtd-events.de\/store\/#organization\",\"name\":\"LMTD. Store\",\"url\":\"https:\/\/lmtd-events.de\/store\/\",\"logo\":{\"@type\":\"ImageObject\",\"inLanguage\":\"de\",\"@id\":\"https:\/\/lmtd-events.de\/store\/#\/schema\/logo\/image\/\",\"url\":\"https:\/\/lmtd-events.de\/store\/wp-content\/uploads\/2024\/10\/logo.png\",\"contentUrl\":\"https:\/\/lmtd-events.de\/store\/wp-content\/uploads\/2024\/10\/logo.png\",\"width\":1000,\"height\":189,\"caption\":\"LMTD. Store\"},\"image\":{\"@id\":\"https:\/\/lmtd-events.de\/store\/#\/schema\/logo\/image\/\"},\"sameAs\":[\"https:\/\/www.facebook.com\/lmtdevents\/\",\"https:\/\/instagram.com\/lmtdevents\"]}]}<\/script>\n<!-- \/ Yoast SEO plugin. -->","yoast_head_json":{"title":"Impressum - LMTD. Store","robots":{"index":"index","follow":"follow","max-snippet":"max-snippet:-1","max-image-preview":"max-image-preview:large","max-video-preview":"max-video-preview:-1"},"canonical":"https:\/\/lmtd-events.de\/store\/?page_id=80","og_locale":"de_DE","og_type":"article","og_title":"Impressum - LMTD. Store","og_description":"Gesetzliche Anbieterkennung: LMTD UG (haftungsbeschr\u00e4nkt) Multscherstr. 18 89077 Ulm Deutschland Vertretungsberechtigter Gesch\u00e4ftsf\u00fchrer: Lukas Michael H\u00fcbner Registergericht: Amtsgericht Ulm Registernummer: HRB 746397 Sitz der Gesellschaft: Ulm USt-IdNr.: DE361728465 Steuernummer: 88003\/22169 E-Mail: info@lmtd-events.de Telefon: +49 731-37494709 Der Nutzung von im Rahmen der Impressumspflicht ver\u00f6ffentlichten Kontaktdaten durch Dritte zur \u00dcbersendung von nicht ausdr\u00fccklich angeforderter Werbung und Informationsmaterialien wird [&hellip;]","og_url":"https:\/\/lmtd-events.de\/store\/?page_id=80","og_site_name":"LMTD. Store","article_publisher":"https:\/\/www.facebook.com\/lmtdevents\/","article_modified_time":"2024-10-08T02:24:55+00:00","twitter_card":"summary_large_image","twitter_misc":{"Gesch\u00e4tzte Lesezeit":"1\u00a0Minute"},"schema":{"@context":"https:\/\/schema.org","@graph":[{"@type":"WebPage","@id":"https:\/\/lmtd-events.de\/store\/?page_id=80","url":"https:\/\/lmtd-events.de\/store\/?page_id=80","name":"Impressum - LMTD. Store","isPartOf":{"@id":"https:\/\/lmtd-events.de\/store\/#website"},"datePublished":"2024-10-06T16:05:57+00:00","dateModified":"2024-10-08T02:24:55+00:00","breadcrumb":{"@id":"https:\/\/lmtd-events.de\/store\/?page_id=80#breadcrumb"},"inLanguage":"de","potentialAction":[{"@type":"ReadAction","target":["https:\/\/lmtd-events.de\/store\/?page_id=80"]}]},{"@type":"BreadcrumbList","@id":"https:\/\/lmtd-events.de\/store\/?page_id=80#breadcrumb","itemListElement":[{"@type":"ListItem","position":1,"name":"Startseite","item":"https:\/\/lmtd-events.de\/store\/"},{"@type":"ListItem","position":2,"name":"Impressum"}]},{"@type":"WebSite","@id":"https:\/\/lmtd-events.de\/store\/#website","url":"https:\/\/lmtd-events.de\/store\/","name":"LMTD. Store","description":"Merchandise der LMTD-EVENTS Crew","publisher":{"@id":"https:\/\/lmtd-events.de\/store\/#organization"},"potentialAction":[{"@type":"SearchAction","target":{"@type":"EntryPoint","urlTemplate":"https:\/\/lmtd-events.de\/store\/?s={search_term_string}"},"query-input":{"@type":"PropertyValueSpecification","valueRequired":true,"valueName":"search_term_string"}}],"inLanguage":"de"},{"@type":"Organization","@id":"https:\/\/lmtd-events.de\/store\/#organization","name":"LMTD. Store","url":"https:\/\/lmtd-events.de\/store\/","logo":{"@type":"ImageObject","inLanguage":"de","@id":"https:\/\/lmtd-events.de\/store\/#\/schema\/logo\/image\/","url":"https:\/\/lmtd-events.de\/store\/wp-content\/uploads\/2024\/10\/logo.png","contentUrl":"https:\/\/lmtd-events.de\/store\/wp-content\/uploads\/2024\/10\/logo.png","width":1000,"height":189,"caption":"LMTD. Store"},"image":{"@id":"https:\/\/lmtd-events.de\/store\/#\/schema\/logo\/image\/"},"sameAs":["https:\/\/www.facebook.com\/lmtdevents\/","https:\/\/instagram.com\/lmtdevents"]}]}},"jetpack_sharing_enabled":true,"_links":{"self":[{"href":"https:\/\/lmtd-events.de\/store\/index.php?rest_route=\/wp\/v2\/pages\/80","targetHints":{"allow":["GET"]}}],"collection":[{"href":"https:\/\/lmtd-events.de\/store\/index.php?rest_route=\/wp\/v2\/pages"}],"about":[{"href":"https:\/\/lmtd-events.de\/store\/index.php?rest_route=\/wp\/v2\/types\/page"}],"author":[{"embeddable":true,"href":"https:\/\/lmtd-events.de\/store\/index.php?rest_route=\/wp\/v2\/users\/1"}],"replies":[{"embeddable":true,"href":"https:\/\/lmtd-events.de\/store\/index.php?rest_route=%2Fwp%2Fv2%2Fcomments&post=80"}],"version-history":[{"count":2,"href":"https:\/\/lmtd-events.de\/store\/index.php?rest_route=\/wp\/v2\/pages\/80\/revisions"}],"predecessor-version":[{"id":226,"href":"https:\/\/lmtd-events.de\/store\/index.php?rest_route=\/wp\/v2\/pages\/80\/revisions\/226"}],"wp:attachment":[{"href":"https:\/\/lmtd-events.de\/store\/index.php?rest_route=%2Fwp%2Fv2%2Fmedia&parent=80"}],"curies":[{"name":"wp","href":"https:\/\/api.w.org\/{rel}","templated":true}]}}