{"id":210,"date":"2024-10-06T23:30:36","date_gmt":"2024-10-06T23:30:36","guid":{"rendered":"https:\/\/lmtd-events.de\/store\/?page_id=210"},"modified":"2024-10-09T19:08:56","modified_gmt":"2024-10-09T19:08:56","slug":"mit-uns-drucken","status":"publish","type":"page","link":"https:\/\/lmtd-events.de\/store\/?page_id=210","title":{"rendered":"Mit uns drucken"},"content":{"rendered":"<div class=\"wp-block-cover alignfull\" style=\"margin-top:0;margin-bottom:0\"><span aria-hidden=\"true\" class=\"wp-block-cover__background has-background-dim\" style=\"background-color:#86768e\"><\/span><img loading=\"lazy\" decoding=\"async\" width=\"2560\" height=\"1440\" src=\"https:\/\/lmtd-events.de\/store\/wp-content\/uploads\/2024\/10\/IMG_0513-scaled.webp\" class=\"wp-block-cover__image-background wp-post-image\" alt=\"\" data-object-fit=\"cover\" data-object-position=\"51% 68%\" style=\"object-position:51% 68%;\" srcset=\"https:\/\/lmtd-events.de\/store\/wp-content\/uploads\/2024\/10\/IMG_0513-scaled.webp 2560w, https:\/\/lmtd-events.de\/store\/wp-content\/uploads\/2024\/10\/IMG_0513-300x169.webp 300w, https:\/\/lmtd-events.de\/store\/wp-content\/uploads\/2024\/10\/IMG_0513-1024x576.webp 1024w, https:\/\/lmtd-events.de\/store\/wp-content\/uploads\/2024\/10\/IMG_0513-768x432.webp 768w, https:\/\/lmtd-events.de\/store\/wp-content\/uploads\/2024\/10\/IMG_0513-1536x864.webp 1536w, https:\/\/lmtd-events.de\/store\/wp-content\/uploads\/2024\/10\/IMG_0513-2048x1152.webp 2048w, https:\/\/lmtd-events.de\/store\/wp-content\/uploads\/2024\/10\/IMG_0513-1320x743.webp 1320w, https:\/\/lmtd-events.de\/store\/wp-content\/uploads\/2024\/10\/IMG_0513-500x281.webp 500w\" sizes=\"auto, (max-width: 2560px) 100vw, 2560px\" \/><div class=\"wp-block-cover__inner-container has-global-padding is-layout-constrained wp-container-core-cover-is-layout-be04af43 wp-block-cover-is-layout-constrained\"><h1 class=\"wp-block-heading has-text-align-center has-theme-1-color has-text-color has-link-color wp-elements-7949304e7378305e92583be1610ccb48\"><strong>PRINT WITH US<\/strong><\/h1><\/div><\/div><div style=\"height:54px\" aria-hidden=\"true\" class=\"wp-block-spacer\"><\/div><h2 class=\"wp-block-heading alignwide\">Mit LMTD. den DTF Transferdruck entdecken.<\/h2><div class=\"wp-block-group alignwide is-vertical is-layout-flex wp-container-core-group-is-layout-fe9cc265 wp-block-group-is-layout-flex\"><p>Suchen Sie nach einer schnellen und zuverl\u00e4ssigen L\u00f6sung f\u00fcr Ihre Druckanforderungen? <strong>LMTD. Agency<\/strong> bietet Ihnen erstklassigen <strong>DTF Transferdruck<\/strong> mit pers\u00f6nlicher Rundumbetreuung \u2013 und das innerhalb von nur <strong>24 Stunden<\/strong>!<\/p><\/div><div style=\"height:28px\" aria-hidden=\"true\" class=\"wp-block-spacer\"><\/div><div class=\"wp-block-columns alignwide has-medium-font-size is-layout-flex wp-container-core-columns-is-layout-28f84493 wp-block-columns-is-layout-flex\"><div class=\"wp-block-column has-global-padding is-content-justification-center is-layout-constrained wp-block-column-is-layout-constrained\"><h3 class=\"wp-block-heading\">Individueller Gestaltungsservice<\/h3>\n\n<p>Sie haben eine Idee, aber noch kein fertiges Design? Unser kreatives Team unterst\u00fctzt Sie gerne mit einem professionellen <strong>Gestaltungsservice<\/strong>. Gemeinsam entwickeln wir ein individuelles Layout, das genau Ihren Vorstellungen entspricht und Ihre Botschaft perfekt transportiert.<\/p>\n\n<h3 class=\"wp-block-heading\">Perfekt, auch f\u00fcr kurzfristige Drucke<\/h3>\n\n<p>Ob <strong>Vereine<\/strong>, <strong>Abschlussklassen<\/strong>, <strong>K\u00fcnstler<\/strong> oder <strong>Unternehmen<\/strong> \u2013 wir wissen, dass Zeit oft ein entscheidender Faktor ist. Mit unserem effizienten Workflow und exklusiven <strong>Folienlieferanten<\/strong> garantieren wir eine schnelle Umsetzung Ihrer Auftr\u00e4ge, ohne dabei Abstriche bei der Qualit\u00e4t zu machen.<\/p>\n\n<h4 class=\"wp-block-heading\">Hochwertige DTF Folien f\u00fcr brillante Ergebnisse<\/h4>\n\n<p>Unsere DTF Transferdrucke \u00fcberzeugen durch leuchtende Farben und hohe Haltbarkeit. Dank modernster Technologie und erstklassigen Materialien bringen wir Ihre Designs optimal zur Geltung.<\/p><\/div>\n\n<div class=\"wp-block-column is-layout-flow wp-block-column-is-layout-flow\"><figure class=\"wp-block-image size-large is-resized\"><img loading=\"lazy\" decoding=\"async\" width=\"1024\" height=\"1024\" src=\"https:\/\/lmtd-events.de\/store\/wp-content\/uploads\/2024\/10\/IMG_0514-1024x1024.webp\" alt=\"\" class=\"wp-image-213\" style=\"width:514px;height:auto\" srcset=\"https:\/\/lmtd-events.de\/store\/wp-content\/uploads\/2024\/10\/IMG_0514-1024x1024.webp 1024w, https:\/\/lmtd-events.de\/store\/wp-content\/uploads\/2024\/10\/IMG_0514-300x300.webp 300w, https:\/\/lmtd-events.de\/store\/wp-content\/uploads\/2024\/10\/IMG_0514-150x150.webp 150w, https:\/\/lmtd-events.de\/store\/wp-content\/uploads\/2024\/10\/IMG_0514-768x768.webp 768w, https:\/\/lmtd-events.de\/store\/wp-content\/uploads\/2024\/10\/IMG_0514-1536x1536.webp 1536w, https:\/\/lmtd-events.de\/store\/wp-content\/uploads\/2024\/10\/IMG_0514-2048x2048.webp 2048w, https:\/\/lmtd-events.de\/store\/wp-content\/uploads\/2024\/10\/IMG_0514-1320x1320.webp 1320w, https:\/\/lmtd-events.de\/store\/wp-content\/uploads\/2024\/10\/IMG_0514-500x500.webp 500w, https:\/\/lmtd-events.de\/store\/wp-content\/uploads\/2024\/10\/IMG_0514-100x100.webp 100w\" sizes=\"auto, (max-width: 1024px) 100vw, 1024px\" \/><\/figure><\/div><\/div><div style=\"height:31px\" aria-hidden=\"true\" class=\"wp-block-spacer\"><\/div><div class=\"wp-block-columns alignwide has-medium-font-size is-layout-flex wp-container-core-columns-is-layout-28f84493 wp-block-columns-is-layout-flex\"><div class=\"wp-block-column has-global-padding is-content-justification-center is-layout-constrained wp-block-column-is-layout-constrained\"><h3 class=\"wp-block-heading\">Pers\u00f6nliche Betreuung von Anfang bis Ende<\/h3>\n\n<p>Bei uns stehen Sie im Mittelpunkt. Unser erfahrenes Team begleitet Sie durch den gesamten Prozess \u2013 von der ersten Idee bis zur finalen Lieferung. Wir sind jederzeit f\u00fcr Sie da und sorgen daf\u00fcr, dass Ihre W\u00fcnsche erf\u00fcllt werden.<\/p>\n\n<h4 class=\"wp-block-heading\">Faires Preis-Leistungs-Verh\u00e4ltnis<\/h4>\n\n<p>Qualit\u00e4t muss nicht teuer sein. Wir bieten Ihnen Spitzenleistungen zu fairen Konditionen. Transparenz und Kundenzufriedenheit stehen f\u00fcr uns an erster Stelle.<\/p><\/div>\n\n<div class=\"wp-block-column is-layout-flow wp-block-column-is-layout-flow\"><h3 class=\"wp-block-heading\">Warum mit uns drucken?<\/h3>\n\n<p><strong>Schnelle Lieferung<\/strong>: Ideal f\u00fcr kurzfristige Projekte<\/p>\n\n<p><strong>Exklusive Materialien<\/strong>: Zusammenarbeit mit ausgew\u00e4hlten Folienlieferanten<\/p>\n\n<p><strong>Individueller Service<\/strong>: Pers\u00f6nliche Betreuung und Beratung<\/p>\n\n<p><strong>Professioneller Gestaltungsservice<\/strong>: Kreative Unterst\u00fctzung f\u00fcr Ihr perfektes Design<\/p>\n\n<p><strong>Preiswert<\/strong>: Attraktive Preise ohne versteckte Kosten &#8211; Klare Kommunikation im Voraus!<\/p><\/div><\/div><div style=\"height:31px\" aria-hidden=\"true\" class=\"wp-block-spacer\"><\/div><h2 class=\"wp-block-heading alignwide\">Jetzt unverbindlich anfragen!<\/h2><div class=\"wp-block-group alignwide is-vertical is-layout-flex wp-container-core-group-is-layout-fe9cc265 wp-block-group-is-layout-flex\"><p>Vertrauen Sie auf unsere Expertise im DTF Transferdruck und lassen Sie sich von unseren Leistungen \u00fcberzeugen. <strong>Kontaktieren Sie uns noch heute<\/strong> und starten Sie Ihr n\u00e4chstes Druckprojekt mit LMTD. !<\/p><\/div><div class=\"wp-block-columns alignwide has-medium-font-size is-layout-flex wp-container-core-columns-is-layout-28f84493 wp-block-columns-is-layout-flex\"><div class=\"wp-block-column has-global-padding is-content-justification-center is-layout-constrained wp-block-column-is-layout-constrained\"><h6 class=\"wp-block-heading\">Unverbindliche Kontaktanfrage<\/h6>\n\n<div class=\"wp-block-jetpack-contact-form\"><a href=\"https:\/\/lmtd-events.de\/store\/?page_id=210\" target=\"_blank\" rel=\"noopener noreferrer\">Formular einreichen.<\/a><\/div><\/div>\n\n<div class=\"wp-block-column is-layout-flow wp-block-column-is-layout-flow\"><h6 class=\"wp-block-heading\">Oder direkt per WhatsApp:<\/h6>\n\n<div class=\"wp-block-jetpack-send-a-message\"><div class=\"wp-block-jetpack-whatsapp-button is-color-dark\"><a class=\"whatsapp-block__button\" href=\"https:\/\/api.whatsapp.com\/send?phone=4915154772388&amp;text=Hallo%2C%0Aich%20m%C3%B6chte%20mich%20nach%20M%C3%B6glichkeiten%20zum%20DTF%20Transferdruck%20erkundigen.\" style=\"background-color:#25D366;color:#fff\" target=\"_blank\" rel=\"noopener noreferrer\">Chat in WhatsApp<\/a><\/div><\/div>\n\n<div style=\"height:20px\" aria-hidden=\"true\" class=\"wp-block-spacer\"><\/div>\n\n<hr class=\"wp-block-separator aligncenter has-alpha-channel-opacity\"\/>\n\n<div style=\"height:20px\" aria-hidden=\"true\" class=\"wp-block-spacer\"><\/div>\n\n<div style=\"font-size:clamp(0.875rem, 0.875rem + ((1vw - 0.2rem) * 0.708), 1.3rem);\" class=\"wp-block-post-author wp-duotone-unset-1\"><div class=\"wp-block-post-author__avatar\"><img alt='' src='https:\/\/secure.gravatar.com\/avatar\/792d65e42250b39267994ba438fdfd53827159a16496653f0ff31d55dc0d83d0?s=96&#038;d=mm&#038;r=g' srcset='https:\/\/secure.gravatar.com\/avatar\/792d65e42250b39267994ba438fdfd53827159a16496653f0ff31d55dc0d83d0?s=192&#038;d=mm&#038;r=g 2x' class='avatar avatar-96 photo' height='96' width='96' \/><\/div><div class=\"wp-block-post-author__content\"><p class=\"wp-block-post-author__byline\">Das zu Beginn kleine Projekt LMTD ist immer gr\u00f6\u00dfer geworden und mittlerweile zu einer Full Service Agentur rund um Marketing, Planung und Beratung geworden.<br>Mit unserem Transferdruck Service konnten wir schon viele Kollegen aus der Eventbranche f\u00fcr uns gewinnen. Wir machen keine halben Sachen, wir machen Qualit\u00e4t.<\/p><p class=\"wp-block-post-author__name\">Lukas H\u00fcbner<\/p><\/div><\/div>\n\n<h6 class=\"wp-block-heading\">Teilen:<\/h6>\n\n<\/div><\/div><p><\/p>","protected":false},"excerpt":{"rendered":"<p>Mit LMTD. den DTF Transferdruck entdecken. Suchen Sie nach einer schnellen und zuverl\u00e4ssigen L\u00f6sung f\u00fcr Ihre Druckanforderungen? LMTD. Agency bietet Ihnen erstklassigen DTF Transferdruck mit pers\u00f6nlicher Rundumbetreuung \u2013 und das innerhalb von nur 24 Stunden! Individueller Gestaltungsservice Sie haben eine Idee, aber noch kein fertiges Design? Unser kreatives Team unterst\u00fctzt Sie gerne mit einem professionellen [&hellip;]<\/p>\n","protected":false},"author":1,"featured_media":211,"parent":0,"menu_order":0,"comment_status":"closed","ping_status":"closed","template":"","meta":{"footnotes":""},"class_list":["post-210","page","type-page","status-publish","has-post-thumbnail","hentry"],"yoast_head":"<!-- This site is optimized with the Yoast SEO plugin v23.8 - https:\/\/yoast.com\/wordpress\/plugins\/seo\/ -->\n<title>Mit uns drucken - LMTD. Store<\/title>\n<meta name=\"robots\" content=\"index, follow, max-snippet:-1, max-image-preview:large, max-video-preview:-1\" \/>\n<link rel=\"canonical\" href=\"https:\/\/lmtd-events.de\/store\/?page_id=210\" \/>\n<meta property=\"og:locale\" content=\"de_DE\" \/>\n<meta property=\"og:type\" content=\"article\" \/>\n<meta property=\"og:title\" content=\"Mit uns drucken - LMTD. Store\" \/>\n<meta property=\"og:description\" content=\"Mit LMTD. den DTF Transferdruck entdecken. Suchen Sie nach einer schnellen und zuverl\u00e4ssigen L\u00f6sung f\u00fcr Ihre Druckanforderungen? LMTD. Agency bietet Ihnen erstklassigen DTF Transferdruck mit pers\u00f6nlicher Rundumbetreuung \u2013 und das innerhalb von nur 24 Stunden! Individueller Gestaltungsservice Sie haben eine Idee, aber noch kein fertiges Design? Unser kreatives Team unterst\u00fctzt Sie gerne mit einem professionellen [&hellip;]\" \/>\n<meta property=\"og:url\" content=\"https:\/\/lmtd-events.de\/store\/?page_id=210\" \/>\n<meta property=\"og:site_name\" content=\"LMTD. Store\" \/>\n<meta property=\"article:publisher\" content=\"https:\/\/www.facebook.com\/lmtdevents\/\" \/>\n<meta property=\"article:modified_time\" content=\"2024-10-09T19:08:56+00:00\" \/>\n<meta property=\"og:image\" content=\"https:\/\/lmtd-events.de\/store\/wp-content\/uploads\/2024\/10\/IMG_0513-scaled.webp\" \/>\n\t<meta property=\"og:image:width\" content=\"2560\" \/>\n\t<meta property=\"og:image:height\" content=\"1440\" \/>\n\t<meta property=\"og:image:type\" content=\"image\/webp\" \/>\n<meta name=\"twitter:card\" content=\"summary_large_image\" \/>\n<meta name=\"twitter:label1\" content=\"Gesch\u00e4tzte Lesezeit\" \/>\n\t<meta name=\"twitter:data1\" content=\"3\u00a0Minuten\" \/>\n<script type=\"application\/ld+json\" class=\"yoast-schema-graph\">{\"@context\":\"https:\/\/schema.org\",\"@graph\":[{\"@type\":\"WebPage\",\"@id\":\"https:\/\/lmtd-events.de\/store\/?page_id=210\",\"url\":\"https:\/\/lmtd-events.de\/store\/?page_id=210\",\"name\":\"Mit uns drucken - LMTD. Store\",\"isPartOf\":{\"@id\":\"https:\/\/lmtd-events.de\/store\/#website\"},\"primaryImageOfPage\":{\"@id\":\"https:\/\/lmtd-events.de\/store\/?page_id=210#primaryimage\"},\"image\":{\"@id\":\"https:\/\/lmtd-events.de\/store\/?page_id=210#primaryimage\"},\"thumbnailUrl\":\"https:\/\/lmtd-events.de\/store\/wp-content\/uploads\/2024\/10\/IMG_0513-scaled.webp\",\"datePublished\":\"2024-10-06T23:30:36+00:00\",\"dateModified\":\"2024-10-09T19:08:56+00:00\",\"breadcrumb\":{\"@id\":\"https:\/\/lmtd-events.de\/store\/?page_id=210#breadcrumb\"},\"inLanguage\":\"de\",\"potentialAction\":[{\"@type\":\"ReadAction\",\"target\":[\"https:\/\/lmtd-events.de\/store\/?page_id=210\"]}]},{\"@type\":\"ImageObject\",\"inLanguage\":\"de\",\"@id\":\"https:\/\/lmtd-events.de\/store\/?page_id=210#primaryimage\",\"url\":\"https:\/\/lmtd-events.de\/store\/wp-content\/uploads\/2024\/10\/IMG_0513-scaled.webp\",\"contentUrl\":\"https:\/\/lmtd-events.de\/store\/wp-content\/uploads\/2024\/10\/IMG_0513-scaled.webp\",\"width\":2560,\"height\":1440},{\"@type\":\"BreadcrumbList\",\"@id\":\"https:\/\/lmtd-events.de\/store\/?page_id=210#breadcrumb\",\"itemListElement\":[{\"@type\":\"ListItem\",\"position\":1,\"name\":\"Startseite\",\"item\":\"https:\/\/lmtd-events.de\/store\/\"},{\"@type\":\"ListItem\",\"position\":2,\"name\":\"Mit uns drucken\"}]},{\"@type\":\"WebSite\",\"@id\":\"https:\/\/lmtd-events.de\/store\/#website\",\"url\":\"https:\/\/lmtd-events.de\/store\/\",\"name\":\"LMTD. Store\",\"description\":\"Merchandise der LMTD-EVENTS Crew\",\"publisher\":{\"@id\":\"https:\/\/lmtd-events.de\/store\/#organization\"},\"potentialAction\":[{\"@type\":\"SearchAction\",\"target\":{\"@type\":\"EntryPoint\",\"urlTemplate\":\"https:\/\/lmtd-events.de\/store\/?s={search_term_string}\"},\"query-input\":{\"@type\":\"PropertyValueSpecification\",\"valueRequired\":true,\"valueName\":\"search_term_string\"}}],\"inLanguage\":\"de\"},{\"@type\":\"Organization\",\"@id\":\"https:\/\/lmtd-events.de\/store\/#organization\",\"name\":\"LMTD. Store\",\"url\":\"https:\/\/lmtd-events.de\/store\/\",\"logo\":{\"@type\":\"ImageObject\",\"inLanguage\":\"de\",\"@id\":\"https:\/\/lmtd-events.de\/store\/#\/schema\/logo\/image\/\",\"url\":\"https:\/\/lmtd-events.de\/store\/wp-content\/uploads\/2024\/10\/logo.png\",\"contentUrl\":\"https:\/\/lmtd-events.de\/store\/wp-content\/uploads\/2024\/10\/logo.png\",\"width\":1000,\"height\":189,\"caption\":\"LMTD. Store\"},\"image\":{\"@id\":\"https:\/\/lmtd-events.de\/store\/#\/schema\/logo\/image\/\"},\"sameAs\":[\"https:\/\/www.facebook.com\/lmtdevents\/\",\"https:\/\/instagram.com\/lmtdevents\"]}]}<\/script>\n<!-- \/ Yoast SEO plugin. -->","yoast_head_json":{"title":"Mit uns drucken - LMTD. Store","robots":{"index":"index","follow":"follow","max-snippet":"max-snippet:-1","max-image-preview":"max-image-preview:large","max-video-preview":"max-video-preview:-1"},"canonical":"https:\/\/lmtd-events.de\/store\/?page_id=210","og_locale":"de_DE","og_type":"article","og_title":"Mit uns drucken - LMTD. Store","og_description":"Mit LMTD. den DTF Transferdruck entdecken. Suchen Sie nach einer schnellen und zuverl\u00e4ssigen L\u00f6sung f\u00fcr Ihre Druckanforderungen? LMTD. Agency bietet Ihnen erstklassigen DTF Transferdruck mit pers\u00f6nlicher Rundumbetreuung \u2013 und das innerhalb von nur 24 Stunden! Individueller Gestaltungsservice Sie haben eine Idee, aber noch kein fertiges Design? Unser kreatives Team unterst\u00fctzt Sie gerne mit einem professionellen [&hellip;]","og_url":"https:\/\/lmtd-events.de\/store\/?page_id=210","og_site_name":"LMTD. Store","article_publisher":"https:\/\/www.facebook.com\/lmtdevents\/","article_modified_time":"2024-10-09T19:08:56+00:00","og_image":[{"width":2560,"height":1440,"url":"https:\/\/lmtd-events.de\/store\/wp-content\/uploads\/2024\/10\/IMG_0513-scaled.webp","type":"image\/webp"}],"twitter_card":"summary_large_image","twitter_misc":{"Gesch\u00e4tzte Lesezeit":"3\u00a0Minuten"},"schema":{"@context":"https:\/\/schema.org","@graph":[{"@type":"WebPage","@id":"https:\/\/lmtd-events.de\/store\/?page_id=210","url":"https:\/\/lmtd-events.de\/store\/?page_id=210","name":"Mit uns drucken - LMTD. Store","isPartOf":{"@id":"https:\/\/lmtd-events.de\/store\/#website"},"primaryImageOfPage":{"@id":"https:\/\/lmtd-events.de\/store\/?page_id=210#primaryimage"},"image":{"@id":"https:\/\/lmtd-events.de\/store\/?page_id=210#primaryimage"},"thumbnailUrl":"https:\/\/lmtd-events.de\/store\/wp-content\/uploads\/2024\/10\/IMG_0513-scaled.webp","datePublished":"2024-10-06T23:30:36+00:00","dateModified":"2024-10-09T19:08:56+00:00","breadcrumb":{"@id":"https:\/\/lmtd-events.de\/store\/?page_id=210#breadcrumb"},"inLanguage":"de","potentialAction":[{"@type":"ReadAction","target":["https:\/\/lmtd-events.de\/store\/?page_id=210"]}]},{"@type":"ImageObject","inLanguage":"de","@id":"https:\/\/lmtd-events.de\/store\/?page_id=210#primaryimage","url":"https:\/\/lmtd-events.de\/store\/wp-content\/uploads\/2024\/10\/IMG_0513-scaled.webp","contentUrl":"https:\/\/lmtd-events.de\/store\/wp-content\/uploads\/2024\/10\/IMG_0513-scaled.webp","width":2560,"height":1440},{"@type":"BreadcrumbList","@id":"https:\/\/lmtd-events.de\/store\/?page_id=210#breadcrumb","itemListElement":[{"@type":"ListItem","position":1,"name":"Startseite","item":"https:\/\/lmtd-events.de\/store\/"},{"@type":"ListItem","position":2,"name":"Mit uns drucken"}]},{"@type":"WebSite","@id":"https:\/\/lmtd-events.de\/store\/#website","url":"https:\/\/lmtd-events.de\/store\/","name":"LMTD. Store","description":"Merchandise der LMTD-EVENTS Crew","publisher":{"@id":"https:\/\/lmtd-events.de\/store\/#organization"},"potentialAction":[{"@type":"SearchAction","target":{"@type":"EntryPoint","urlTemplate":"https:\/\/lmtd-events.de\/store\/?s={search_term_string}"},"query-input":{"@type":"PropertyValueSpecification","valueRequired":true,"valueName":"search_term_string"}}],"inLanguage":"de"},{"@type":"Organization","@id":"https:\/\/lmtd-events.de\/store\/#organization","name":"LMTD. Store","url":"https:\/\/lmtd-events.de\/store\/","logo":{"@type":"ImageObject","inLanguage":"de","@id":"https:\/\/lmtd-events.de\/store\/#\/schema\/logo\/image\/","url":"https:\/\/lmtd-events.de\/store\/wp-content\/uploads\/2024\/10\/logo.png","contentUrl":"https:\/\/lmtd-events.de\/store\/wp-content\/uploads\/2024\/10\/logo.png","width":1000,"height":189,"caption":"LMTD. Store"},"image":{"@id":"https:\/\/lmtd-events.de\/store\/#\/schema\/logo\/image\/"},"sameAs":["https:\/\/www.facebook.com\/lmtdevents\/","https:\/\/instagram.com\/lmtdevents"]}]}},"jetpack_sharing_enabled":true,"_links":{"self":[{"href":"https:\/\/lmtd-events.de\/store\/index.php?rest_route=\/wp\/v2\/pages\/210","targetHints":{"allow":["GET"]}}],"collection":[{"href":"https:\/\/lmtd-events.de\/store\/index.php?rest_route=\/wp\/v2\/pages"}],"about":[{"href":"https:\/\/lmtd-events.de\/store\/index.php?rest_route=\/wp\/v2\/types\/page"}],"author":[{"embeddable":true,"href":"https:\/\/lmtd-events.de\/store\/index.php?rest_route=\/wp\/v2\/users\/1"}],"replies":[{"embeddable":true,"href":"https:\/\/lmtd-events.de\/store\/index.php?rest_route=%2Fwp%2Fv2%2Fcomments&post=210"}],"version-history":[{"count":7,"href":"https:\/\/lmtd-events.de\/store\/index.php?rest_route=\/wp\/v2\/pages\/210\/revisions"}],"predecessor-version":[{"id":227,"href":"https:\/\/lmtd-events.de\/store\/index.php?rest_route=\/wp\/v2\/pages\/210\/revisions\/227"}],"wp:featuredmedia":[{"embeddable":true,"href":"https:\/\/lmtd-events.de\/store\/index.php?rest_route=\/wp\/v2\/media\/211"}],"wp:attachment":[{"href":"https:\/\/lmtd-events.de\/store\/index.php?rest_route=%2Fwp%2Fv2%2Fmedia&parent=210"}],"curies":[{"name":"wp","href":"https:\/\/api.w.org\/{rel}","templated":true}]}}